{"id":56,"date":"2022-06-10T07:41:00","date_gmt":"2022-06-10T05:41:00","guid":{"rendered":"https:\/\/ecoangels.club\/?page_id=56"},"modified":"2022-06-14T14:43:23","modified_gmt":"2022-06-14T12:43:23","slug":"spenden","status":"publish","type":"page","link":"https:\/\/ecoangels.club\/es\/spenden\/","title":{"rendered":"Spenden"},"content":{"rendered":"<p>Der Eco Angels Club ist als gemeinn\u00fctzige Organisation unter der Steuernummer 214\/142\/06392 von der K\u00f6rperschafts- und Gewerbesteuer befreit. Mitgliedsbeitr\u00e4ge und Spenden an den EAC sind steuerlich absetzbar.<\/p>\n<p>Spendenanfrage richten Sie bitte an uns. Sie erhalten dann n\u00e4here Hinweise.<br \/>\nBitte benutzen Sie daf\u00fcr unser Kontaktformular.<\/p>\n","protected":false},"excerpt":{"rendered":"<p>Der Eco Angels Club ist als gemeinn\u00fctzige Organisation unter der Steuernummer 214\/142\/06392 von der K\u00f6rperschafts- und Gewerbesteuer befreit. Mitgliedsbeitr\u00e4ge und Spenden an den EAC sind steuerlich absetzbar. Spendenanfrage richten Sie bitte an uns. Sie erhalten dann n\u00e4here Hinweise. Bitte benutzen Sie daf\u00fcr unser Kontaktformular.<\/p>\n","protected":false},"author":1,"featured_media":0,"parent":0,"menu_order":0,"comment_status":"closed","ping_status":"closed","template":"","meta":{"footnotes":""},"class_list":["post-56","page","type-page","status-publish","hentry"],"translation":{"provider":"WPGlobus","version":"2.10.4","language":"es","enabled_languages":["en","es","de","fr","ru"],"languages":{"en":{"title":true,"content":true,"excerpt":false},"es":{"title":false,"content":false,"excerpt":false},"de":{"title":false,"content":false,"excerpt":false},"fr":{"title":false,"content":false,"excerpt":false},"ru":{"title":false,"content":false,"excerpt":false}}},"_links":{"self":[{"href":"https:\/\/ecoangels.club\/es\/wp-json\/wp\/v2\/pages\/56","targetHints":{"allow":["GET"]}}],"collection":[{"href":"https:\/\/ecoangels.club\/es\/wp-json\/wp\/v2\/pages"}],"about":[{"href":"https:\/\/ecoangels.club\/es\/wp-json\/wp\/v2\/types\/page"}],"author":[{"embeddable":true,"href":"https:\/\/ecoangels.club\/es\/wp-json\/wp\/v2\/users\/1"}],"replies":[{"embeddable":true,"href":"https:\/\/ecoangels.club\/es\/wp-json\/wp\/v2\/comments?post=56"}],"version-history":[{"count":4,"href":"https:\/\/ecoangels.club\/es\/wp-json\/wp\/v2\/pages\/56\/revisions"}],"predecessor-version":[{"id":78,"href":"https:\/\/ecoangels.club\/es\/wp-json\/wp\/v2\/pages\/56\/revisions\/78"}],"wp:attachment":[{"href":"https:\/\/ecoangels.club\/es\/wp-json\/wp\/v2\/media?parent=56"}],"curies":[{"name":"wp","href":"https:\/\/api.w.org\/{rel}","templated":true}]}}