{"id":38,"date":"2022-05-24T11:58:44","date_gmt":"2022-05-24T09:58:44","guid":{"rendered":"https:\/\/ecoangels.club\/?page_id=38"},"modified":"2022-06-14T15:46:54","modified_gmt":"2022-06-14T13:46:54","slug":"ueber-uns","status":"publish","type":"page","link":"https:\/\/ecoangels.club\/fr\/ueber-uns\/","title":{"rendered":"\u00dcber uns"},"content":{"rendered":"<p>Unser Club ist in einigen L\u00e4ndern t\u00e4tig. Seit 01\/22 haben wir die Best\u00e4tigung vom Finanzamt als Gemeinn\u00fctziger Verein in Deutschland in den Komplexen Umweltschutz und Tierschutz wirksam zu sein.<\/p>\n<p>Wenn wir unsere Umwelt betrachten, dann sehen wir viele Probleme die wir mit l\u00f6sen k\u00f6nnen. Beim Umweltschutz ist unser Hauptaugenmerk auf die Erhaltung von Natur und Umwelt gerichtet.<br \/>\nHier werden Initiativen wie Aufforstung der W\u00e4lder in Zusammenarbeit mit den jeweiligen Verb\u00e4nden und Organisationen vor Ort mit unterst\u00fctzt.<\/p>\n<p>Bei Tierschutzprojekten f\u00f6rdern wir Initiativen von Tierschutzheimen in den jeweiligen Regionen zur Rettung von Tieren mit Spenden. Einzelne Beispiele sollen zum Schutz der Tierheime hier nicht hervorgehoben werden.<\/p>\n","protected":false},"excerpt":{"rendered":"<p>Unser Club ist in einigen L\u00e4ndern t\u00e4tig. Seit 01\/22 haben wir die Best\u00e4tigung vom Finanzamt als Gemeinn\u00fctziger Verein in Deutschland in den Komplexen Umweltschutz und Tierschutz wirksam zu sein. Wenn wir unsere Umwelt betrachten, dann sehen wir viele Probleme die wir mit l\u00f6sen k\u00f6nnen. Beim Umweltschutz ist unser Hauptaugenmerk auf die Erhaltung von Natur und &hellip; <\/p>\n<p class=\"link-more\"><a href=\"https:\/\/ecoangels.club\/fr\/ueber-uns\/\" class=\"more-link\">Continue reading<span class=\"screen-reader-text\"> &#8220;\u00dcber uns&#8221;<\/span><\/a><\/p>\n","protected":false},"author":1,"featured_media":0,"parent":0,"menu_order":0,"comment_status":"closed","ping_status":"closed","template":"","meta":{"footnotes":""},"class_list":["post-38","page","type-page","status-publish","hentry"],"translation":{"provider":"WPGlobus","version":"2.10.4","language":"fr","enabled_languages":["en","es","de","fr","ru"],"languages":{"en":{"title":true,"content":true,"excerpt":false},"es":{"title":false,"content":false,"excerpt":false},"de":{"title":false,"content":false,"excerpt":false},"fr":{"title":false,"content":false,"excerpt":false},"ru":{"title":false,"content":false,"excerpt":false}}},"_links":{"self":[{"href":"https:\/\/ecoangels.club\/fr\/wp-json\/wp\/v2\/pages\/38","targetHints":{"allow":["GET"]}}],"collection":[{"href":"https:\/\/ecoangels.club\/fr\/wp-json\/wp\/v2\/pages"}],"about":[{"href":"https:\/\/ecoangels.club\/fr\/wp-json\/wp\/v2\/types\/page"}],"author":[{"embeddable":true,"href":"https:\/\/ecoangels.club\/fr\/wp-json\/wp\/v2\/users\/1"}],"replies":[{"embeddable":true,"href":"https:\/\/ecoangels.club\/fr\/wp-json\/wp\/v2\/comments?post=38"}],"version-history":[{"count":7,"href":"https:\/\/ecoangels.club\/fr\/wp-json\/wp\/v2\/pages\/38\/revisions"}],"predecessor-version":[{"id":86,"href":"https:\/\/ecoangels.club\/fr\/wp-json\/wp\/v2\/pages\/38\/revisions\/86"}],"wp:attachment":[{"href":"https:\/\/ecoangels.club\/fr\/wp-json\/wp\/v2\/media?parent=38"}],"curies":[{"name":"wp","href":"https:\/\/api.w.org\/{rel}","templated":true}]}}